{"id":6614,"date":"2020-07-20T16:03:38","date_gmt":"2020-07-20T14:03:38","guid":{"rendered":"https:\/\/www.cergomma.com\/produzione\/"},"modified":"2023-03-06T10:31:43","modified_gmt":"2023-03-06T09:31:43","slug":"ceramica","status":"publish","type":"page","link":"https:\/\/www.cergomma.com\/es\/ceramica\/","title":{"rendered":"Ceramica"},"content":{"rendered":"<p>[vc_row][vc_column]\n\t\t\t<!-- START Cergomma slide produzione  esp REVOLUTION SLIDER 6.2.1 --><p class=\"rs-p-wp-fix\"><\/p>\n\t\t\t<rs-module-wrap id=\"rev_slider_14_1_wrapper\" data-source=\"gallery\" style=\"background:#c7c2c2;padding:0;margin:0px auto;margin-top:0;margin-bottom:0;max-width:\">\n\t\t\t\t<rs-module id=\"rev_slider_14_1\" style=\"display:none;\" data-version=\"6.2.1\">\n\t\t\t\t\t<rs-slides>\n\t\t\t\t\t\t<rs-slide data-key=\"rs-24\" data-title=\"Slide\" data-anim=\"ei:d;eo:d;s:1000ms;r:0;t:slideoverleft;sl:d;\" data-firstanim=\"t:fade;s:300;sl:7;\">\n\t\t\t\t\t\t\t<img loading=\"lazy\" decoding=\"async\" src=\"\/\/www.cergomma.com\/wp-content\/uploads\/2020\/09\/immagine2.jpg\" title=\"immagine2\" width=\"1920\" height=\"900\" data-parallax=\"7\" class=\"rev-slidebg\" data-no-retina>\n\t\t\t\t\t\t\t<rs-bgvideo \n\t\t\t\t\t\t\t\tdata-video=\"vc:none;w:100%;h:100%;nse:false;l:true;ptimer:false;\"\n\t\t\t\t\t\t\t\tdata-ytid=\"2qx_eHtPw94\"\n\t\t\t\t\t\t\t\tdata-vatr=\"version=3&amp;enablejsapi=1&amp;html5=1&amp;hd=1&amp;wmode=opaque&amp;showinfo=0&amp;rel=0&amp;origin=https:\/\/www.cergomma.com;\"\n\t\t\t\t\t\t\t><\/rs-bgvideo>\n<!--\n\t\t\t\t\t\t\t--><rs-layer\n\t\t\t\t\t\t\t\tid=\"slider-14-slide-24-layer-4\" \n\t\t\t\t\t\t\t\tclass=\"tp-shape tp-shapewrapper\"\n\t\t\t\t\t\t\t\tdata-type=\"shape\"\n\t\t\t\t\t\t\t\tdata-rsp_ch=\"on\"\n\t\t\t\t\t\t\t\tdata-xy=\"x:c;xo:-4px;y:c;yo:2px;\"\n\t\t\t\t\t\t\t\tdata-text=\"fw:100;a:inherit;\"\n\t\t\t\t\t\t\t\tdata-dim=\"w:1175;h:934px;\"\n\t\t\t\t\t\t\t\tdata-frame_0=\"y:50px;tp:600;\"\n\t\t\t\t\t\t\t\tdata-frame_1=\"tp:600;e:circ.out;st:650;sp:700;sR:650;\"\n\t\t\t\t\t\t\t\tdata-frame_999=\"y:-50px;o:0;tp:600;e:nothing;st:w;sp:500;sR:2650;\"\n\t\t\t\t\t\t\t\tstyle=\"z-index:8;background-color:rgba(119,201,240,0.79);\"\n\t\t\t\t\t\t\t> \n\t\t\t\t\t\t\t<\/rs-layer><!--\n\n\t\t\t\t\t\t\t--><rs-layer\n\t\t\t\t\t\t\t\tid=\"slider-14-slide-24-layer-5\" \n\t\t\t\t\t\t\t\tdata-type=\"text\"\n\t\t\t\t\t\t\t\tdata-color=\"#2d3133\"\n\t\t\t\t\t\t\t\tdata-rsp_ch=\"on\"\n\t\t\t\t\t\t\t\tdata-xy=\"x:c;xo:-178px;y:c;yo:-129px;\"\n\t\t\t\t\t\t\t\tdata-text=\"w:normal;s:25;l:22;ls:2px;fw:600;a:center;\"\n\t\t\t\t\t\t\t\tdata-dim=\"w:353px;\"\n\t\t\t\t\t\t\t\tdata-frame_0=\"y:50px;tp:600;\"\n\t\t\t\t\t\t\t\tdata-frame_1=\"tp:600;e:circ.out;st:850;sp:700;sR:850;\"\n\t\t\t\t\t\t\t\tdata-frame_999=\"y:-50px;o:0;tp:600;e:nothing;st:w;sp:500;sR:2450;\"\n\t\t\t\t\t\t\t\tstyle=\"z-index:14;font-family:Raleway;text-transform:uppercase;\"\n\t\t\t\t\t\t\t>GOMA TRADICIONAL CER01 Y CER01 ULTRABLANDA: \n\t\t\t\t\t\t\t<\/rs-layer><!--\n\n\t\t\t\t\t\t\t--><rs-layer\n\t\t\t\t\t\t\t\tid=\"slider-14-slide-24-layer-7\" \n\t\t\t\t\t\t\t\tdata-type=\"text\"\n\t\t\t\t\t\t\t\tdata-color=\"#2d3133\"\n\t\t\t\t\t\t\t\tdata-rsp_ch=\"on\"\n\t\t\t\t\t\t\t\tdata-xy=\"x:c;xo:-182px;y:c;yo:-54px;\"\n\t\t\t\t\t\t\t\tdata-text=\"w:normal;s:15;l:16;ls:2px;a:center;\"\n\t\t\t\t\t\t\t\tdata-dim=\"w:366;h:47;\"\n\t\t\t\t\t\t\t\tdata-frame_0=\"y:50px;tp:600;\"\n\t\t\t\t\t\t\t\tdata-frame_1=\"tp:600;e:circ.out;st:1050;sp:700;sR:1050;\"\n\t\t\t\t\t\t\t\tdata-frame_999=\"y:-50px;o:0;tp:600;e:nothing;st:w;sp:500;sR:2250;\"\n\t\t\t\t\t\t\t\tstyle=\"z-index:18;font-family:Open Sans;\"\n\t\t\t\t\t\t\t>Violeta 80 shore A <br>\nVioleta 85 shore A <br>\nVerde 85 shore A <br>\nRoja 85 shore A <br><br>\n\n- Para prensar punzones isostaticos - <br><br>\n\nRoja 90 shore A <br>\nAzuL 95 shore A<br>\nVerde 95 shore A<br><br>\n\n- para prensar punzones normales, lisos y estructurados,\npunzones superiores non isostaticos y piezas especiales - <br><br>\n\nAmarilla (verde claro), con dureza shore 98 y 100<br>\nGris 98 y 100 shore A<br><br>\n\n- Para prensar matriz y piezas especiales - \n\t\t\t\t\t\t\t<\/rs-layer><!--\n\n\t\t\t\t\t\t\t--><rs-layer\n\t\t\t\t\t\t\t\tid=\"slider-14-slide-24-layer-10\" \n\t\t\t\t\t\t\t\tdata-type=\"text\"\n\t\t\t\t\t\t\t\tdata-color=\"#2d3133\"\n\t\t\t\t\t\t\t\tdata-rsp_ch=\"on\"\n\t\t\t\t\t\t\t\tdata-xy=\"x:c;y:c;yo:381px;\"\n\t\t\t\t\t\t\t\tdata-text=\"w:normal;s:15;l:16;ls:2px;a:center;\"\n\t\t\t\t\t\t\t\tdata-dim=\"w:1009px;h:48px;\"\n\t\t\t\t\t\t\t\tdata-frame_0=\"y:50px;tp:600;\"\n\t\t\t\t\t\t\t\tdata-frame_1=\"tp:600;e:circ.out;st:1050;sp:700;sR:1050;\"\n\t\t\t\t\t\t\t\tdata-frame_999=\"y:-50px;o:0;tp:600;e:nothing;st:w;sp:500;sR:2250;\"\n\t\t\t\t\t\t\t\tstyle=\"z-index:17;font-family:Open Sans;\"\n\t\t\t\t\t\t\t>El material se env\u00eda en paquetes de 10 kg cada de vac\u00edo. Los paquetes se colocan en cajas de madera en conformidad con ISPM15, internamente paneladas con poliestireno. \n\t\t\t\t\t\t\t<\/rs-layer><!--\n\n\t\t\t\t\t\t\t--><rs-layer\n\t\t\t\t\t\t\t\tid=\"slider-14-slide-24-layer-13\" \n\t\t\t\t\t\t\t\tdata-type=\"text\"\n\t\t\t\t\t\t\t\tdata-color=\"#2d3133\"\n\t\t\t\t\t\t\t\tdata-rsp_ch=\"on\"\n\t\t\t\t\t\t\t\tdata-xy=\"x:c;xo:-10px;y:c;yo:-240px;\"\n\t\t\t\t\t\t\t\tdata-text=\"w:normal;s:41;l:36;ls:3;fw:300;a:center;\"\n\t\t\t\t\t\t\t\tdata-dim=\"w:1138px;\"\n\t\t\t\t\t\t\t\tdata-frame_0=\"y:82px;tp:600;\"\n\t\t\t\t\t\t\t\tdata-frame_1=\"tp:600;e:circ.out;st:850;sp:700;sR:850;\"\n\t\t\t\t\t\t\t\tdata-frame_999=\"y:-82px;o:0;tp:600;e:nothing;st:w;sp:500;sR:2450;\"\n\t\t\t\t\t\t\t\tstyle=\"z-index:9;font-family:Raleway;text-transform:uppercase;\"\n\t\t\t\t\t\t\t>PRODUCCI\u00d3N EST\u00c1NDAR PARA PUNZONES PARA CER\u00c1MICA \n\t\t\t\t\t\t\t<\/rs-layer><!--\n\n\t\t\t\t\t\t\t--><rs-layer\n\t\t\t\t\t\t\t\tid=\"slider-14-slide-24-layer-14\" \n\t\t\t\t\t\t\t\tdata-type=\"text\"\n\t\t\t\t\t\t\t\tdata-color=\"#2d3133\"\n\t\t\t\t\t\t\t\tdata-rsp_ch=\"on\"\n\t\t\t\t\t\t\t\tdata-xy=\"x:c;y:c;yo:328px;\"\n\t\t\t\t\t\t\t\tdata-text=\"w:normal;s:25;l:22;ls:2px;fw:600;a:center;\"\n\t\t\t\t\t\t\t\tdata-dim=\"w:353px;\"\n\t\t\t\t\t\t\t\tdata-frame_0=\"y:50px;tp:600;\"\n\t\t\t\t\t\t\t\tdata-frame_1=\"tp:600;e:circ.out;st:850;sp:700;sR:850;\"\n\t\t\t\t\t\t\t\tdata-frame_999=\"y:-50px;o:0;tp:600;e:nothing;st:w;sp:500;sR:2450;\"\n\t\t\t\t\t\t\t\tstyle=\"z-index:12;font-family:Raleway;text-transform:uppercase;\"\n\t\t\t\t\t\t\t>EMBALAJE PARA EXPORTACI\u00d3N: \n\t\t\t\t\t\t\t<\/rs-layer><!--\n\n\t\t\t\t\t\t\t--><rs-layer\n\t\t\t\t\t\t\t\tid=\"slider-14-slide-24-layer-16\" \n\t\t\t\t\t\t\t\tdata-type=\"text\"\n\t\t\t\t\t\t\t\tdata-color=\"#2d3133\"\n\t\t\t\t\t\t\t\tdata-rsp_ch=\"on\"\n\t\t\t\t\t\t\t\tdata-xy=\"x:c;xo:210px;y:c;yo:-128px;\"\n\t\t\t\t\t\t\t\tdata-text=\"w:normal;s:25;l:22;ls:2px;fw:600;a:center;\"\n\t\t\t\t\t\t\t\tdata-dim=\"w:353px;\"\n\t\t\t\t\t\t\t\tdata-frame_0=\"y:50px;tp:600;\"\n\t\t\t\t\t\t\t\tdata-frame_1=\"tp:600;e:circ.out;st:850;sp:700;sR:850;\"\n\t\t\t\t\t\t\t\tdata-frame_999=\"y:-50px;o:0;tp:600;e:nothing;st:w;sp:500;sR:2450;\"\n\t\t\t\t\t\t\t\tstyle=\"z-index:11;font-family:Raleway;text-transform:uppercase;\"\n\t\t\t\t\t\t\t>GOMA DE LARGA DURACI\u00d3N, CER 03\/C: \n\t\t\t\t\t\t\t<\/rs-layer><!--\n\n\t\t\t\t\t\t\t--><rs-layer\n\t\t\t\t\t\t\t\tid=\"slider-14-slide-24-layer-17\" \n\t\t\t\t\t\t\t\tdata-type=\"text\"\n\t\t\t\t\t\t\t\tdata-color=\"#2d3133\"\n\t\t\t\t\t\t\t\tdata-rsp_ch=\"on\"\n\t\t\t\t\t\t\t\tdata-xy=\"x:c;xo:225px;y:c;yo:-54px;\"\n\t\t\t\t\t\t\t\tdata-text=\"w:normal;s:15;l:16;ls:2px;a:center;\"\n\t\t\t\t\t\t\t\tdata-dim=\"w:366;h:47;\"\n\t\t\t\t\t\t\t\tdata-frame_0=\"y:50px;tp:600;\"\n\t\t\t\t\t\t\t\tdata-frame_1=\"tp:600;e:circ.out;st:1050;sp:700;sR:1050;\"\n\t\t\t\t\t\t\t\tdata-frame_999=\"y:-50px;o:0;tp:600;e:nothing;st:w;sp:500;sR:2250;\"\n\t\t\t\t\t\t\t\tstyle=\"z-index:16;font-family:Open Sans;\"\n\t\t\t\t\t\t\t>Verde 85 shore A <br>\nVioleta 85 shore A <br>\nGriS 85 shore A <br><br>\n\n- Para prensar punzones isost\u00e1ticos - <br><br>\n\nRoja 90 shore A <br><br>\n\n- Para prensar punzones normales, lisos y estructurados - \n\t\t\t\t\t\t\t<\/rs-layer><!--\n-->\t\t\t\t\t\t<\/rs-slide>\n\t\t\t\t\t<\/rs-slides>\n\t\t\t\t\t<rs-progress class=\"rs-bottom\" style=\"visibility: hidden !important;\"><\/rs-progress>\n\t\t\t\t<\/rs-module>\n\t\t\t\t<script type=\"text\/javascript\">\n\t\t\t\t\tsetREVStartSize({c: 'rev_slider_14_1',rl:[1240,1024,778,480],el:[900],gw:[1200],gh:[900],type:'standard',justify:'',layout:'fullwidth',mh:\"0\"});\n\t\t\t\t\tvar\trevapi14,\n\t\t\t\t\t\ttpj;\n\t\t\t\t\tjQuery(function() {\n\t\t\t\t\t\ttpj = jQuery;\n\t\t\t\t\t\tif(tpj(\"#rev_slider_14_1\").revolution == undefined){\n\t\t\t\t\t\t\trevslider_showDoubleJqueryError(\"#rev_slider_14_1\");\n\t\t\t\t\t\t}else{\n\t\t\t\t\t\t\trevapi14 = tpj(\"#rev_slider_14_1\").show().revolution({\n\t\t\t\t\t\t\t\tjsFileLocation:\"\/\/www.cergomma.com\/wp-content\/plugins\/revslider\/public\/assets\/js\/\",\n\t\t\t\t\t\t\t\tduration:4000,\n\t\t\t\t\t\t\t\tvisibilityLevels:\"1240,1024,778,480\",\n\t\t\t\t\t\t\t\tgridwidth:1200,\n\t\t\t\t\t\t\t\tgridheight:900,\n\t\t\t\t\t\t\t\tspinner:\"spinner0\",\n\t\t\t\t\t\t\t\teditorheight:\"900,500,645,500\",\n\t\t\t\t\t\t\t\tresponsiveLevels:\"1240,1024,778,480\",\n\t\t\t\t\t\t\t\tdisableProgressBar:\"on\",\n\t\t\t\t\t\t\t\tnavigation: {\n\t\t\t\t\t\t\t\t\tonHoverStop:false\n\t\t\t\t\t\t\t\t},\n\t\t\t\t\t\t\t\tparallax: {\n\t\t\t\t\t\t\t\t\tlevels:[5,10,15,20,25,30,35,40,45,46,47,48,49,50,51,55],\n\t\t\t\t\t\t\t\t\ttype:\"mouse\",\n\t\t\t\t\t\t\t\t\tdisable_onmobile:true\n\t\t\t\t\t\t\t\t},\n\t\t\t\t\t\t\t\tviewPort: {\n\t\t\t\t\t\t\t\t\tenable:true,\n\t\t\t\t\t\t\t\t\tvisible_area:\"1%\"\n\t\t\t\t\t\t\t\t},\n\t\t\t\t\t\t\t\tfallbacks: {\n\t\t\t\t\t\t\t\t\tallowHTML5AutoPlayOnAndroid:true\n\t\t\t\t\t\t\t\t},\n\t\t\t\t\t\t\t});\n\t\t\t\t\t\t}\n\t\t\t\t\t\t\n\t\t\t\t\t});\n\t\t\t\t<\/script>\n\t\t\t<\/rs-module-wrap>\n\t\t\t<!-- END REVOLUTION SLIDER -->\n[\/vc_column][\/vc_row][vc_row disable_element=\u00bbyes\u00bb row_content_width=\u00bbgrid\u00bb content_text_aligment=\u00bbcenter\u00bb css=\u00bb.vc_custom_1595599568922{margin-top: -125px !important;}\u00bb][vc_column]<div class=\"qodef-elements-holder   qodef-one-column  qodef-responsive-mode-768   \" ><div class=\"qodef-eh-item     \" style=\"background-color: #ffffff\" data-item-class=\"qodef-eh-custom-3920\" data-1024-1366=\"100px 225px\" data-768-1024=\"100px 80px\" data-680-768=\"100px 45px\" data-680=\"100px 10px\">\n\t<div class=\"qodef-eh-item-inner\">\n\t\t<div class=\"qodef-eh-item-content qodef-eh-custom-3920\" style=\"padding: 100px 245px\">\n\t\t\t<div class=\"qodef-section-title-holder  qodef-st-corners qodef-st-title-left qodef-st-normal-space  \" style=\"text-align: center\">\n\t<div class=\"qodef-st-inner\">\n                    <span class=\"qodef-corner-line line-1\"><\/span>\n            <span class=\"qodef-corner-line line-2\"><\/span>\n            <span class=\"qodef-corner-line line-3\"><\/span>\n            <span class=\"qodef-corner-line line-4\"><\/span>\n        \t\t\t\t\t<h2 class=\"qodef-st-title\" >\n\t\t\t\tProduzione standard per tamponi di ceramica\t\t\t<\/h2>\n\t\t\t\t\t<\/div>\n<\/div>\t\t<\/div>\n\t<\/div>\n<\/div><\/div>[vc_row_inner disable_element=\u00bbyes\u00bb css=\u00bb.vc_custom_1595599490220{padding-bottom: 40px !important;background-color: #efefef !important;}\u00bb simple_background_color=\u00bb#efefef\u00bb][vc_column_inner width=\u00bb1\/2&#8243;][vc_column_text]<\/p>\n<h4><strong>GOMMA TRADIZIONALE DA FREEZER, CER01 E CER01 ULTRAMORBIDA:<\/strong><\/h4>\n<ul>\n<li>Viola 80 shore A<\/li>\n<li>Viola 85 shore A<\/li>\n<li>Verde 85 shore A<\/li>\n<li>Rossa 85 shore A<\/li>\n<\/ul>\n<p>&#8211; Per i tamponi isostatici:<\/p>\n<ul>\n<li>Rossa 90 shore A<\/li>\n<li>Blue 95 shore A<\/li>\n<li>Verde 95 shore A<\/li>\n<\/ul>\n<p>&#8211; Per i tamponi normali lisci e strutturati, le marche non isostatiche e i pezzi speciali:<\/p>\n<ul>\n<li>Gialla (verde chiaro) 98 e 100 shore A<\/li>\n<li>Grigia 98 e 100 shore A<\/li>\n<\/ul>\n<p>&#8211; Per le matrici e i pezzi speciali.[\/vc_column_text][\/vc_column_inner][vc_column_inner width=\u00bb1\/2&#8243;][vc_column_text]<\/p>\n<h4><strong>GOMMA A LUNGA DURATA, CER 03\/C:<\/strong><\/h4>\n<ul>\n<li>Verde 85 shore A<\/li>\n<li>Viola 85 shore A<\/li>\n<li>Grigia 85 shore A<\/li>\n<\/ul>\n<p>&#8211; Per i tamponi isostatici:<\/p>\n<ul>\n<li>Rossa 90 shore A<\/li>\n<\/ul>\n<p>&#8211; Per i tamponi normali lisci e strutturati.[\/vc_column_text][\/vc_column_inner][\/vc_row_inner][\/vc_column][\/vc_row][vc_row content_text_aligment=\u00bbcenter\u00bb css=\u00bb.vc_custom_1584378292030{padding-top: 133px !important;padding-bottom: 134px !important;background-color: #77c9f0 !important;}\u00bb][vc_column offset=\u00bbvc_col-lg-offset-1 vc_col-lg-10 vc_col-md-offset-0 vc_col-md-12 vc_col-sm-offset-0&#8243;][vc_row_inner row_content_width=\u00bbgrid\u00bb][vc_column_inner width=\u00bb1\/6&#8243;][\/vc_column_inner][vc_column_inner width=\u00bb2\/3&#8243;][vc_column_text]<\/p>\n<h3 style=\"text-align: center;\">\u00bfQuieres m\u00e1s informaci\u00f3n?<\/h3>\n<p>[\/vc_column_text]<a itemprop=\"url\" href=\"https:\/\/www.cergomma.com\/es\/contactos\/\" target=\"_self\"  class=\"qodef-btn qodef-btn-medium qodef-btn-solid qodef-btn-custom-hover-bg bottonecontattaci\" data-hover-bg-color=\"#77c9f0\" >\n\t        <span class=\"qodef-btn-text\">Cont\u00e1ctenos<\/span>\n            <\/a>[\/vc_column_inner][vc_column_inner width=\u00bb1\/6&#8243;][\/vc_column_inner][\/vc_row_inner][\/vc_column][\/vc_row]<\/p>\n","protected":false},"excerpt":{"rendered":"<p>[vc_row][vc_column][\/vc_column][\/vc_row][vc_row disable_element=\u00bbyes\u00bb row_content_width=\u00bbgrid\u00bb content_text_aligment=\u00bbcenter\u00bb css=\u00bb.vc_custom_1595599568922{margin-top: -125px !important;}\u00bb][vc_column][vc_row_inner disable_element=\u00bbyes\u00bb css=\u00bb.vc_custom_1595599490220{padding-bottom: 40px !important;background-color: #efefef !important;}\u00bb simple_background_color=\u00bb#efefef\u00bb][vc_column_inner width=\u00bb1\/2&#8243;][vc_column_text] GOMMA TRADIZIONALE DA FREEZER, CER01 E CER01 ULTRAMORBIDA: Viola 80 shore A Viola 85 shore A Verde 85 shore A Rossa 85 shore A &#8211; Per i tamponi isostatici: Rossa 90 shore A Blue 95 [&hellip;]<\/p>\n","protected":false},"author":2,"featured_media":0,"parent":0,"menu_order":0,"comment_status":"closed","ping_status":"closed","template":"full-width.php","meta":{"footnotes":""},"class_list":["post-6614","page","type-page","status-publish","hentry"],"yoast_head":"<!-- This site is optimized with the Yoast SEO plugin v14.3 - https:\/\/yoast.com\/wordpress\/plugins\/seo\/ -->\n<title>Ceramica - Cergomma<\/title>\n<meta name=\"robots\" content=\"index, follow\" \/>\n<meta name=\"googlebot\" content=\"index, follow, max-snippet:-1, max-image-preview:large, max-video-preview:-1\" \/>\n<meta name=\"bingbot\" content=\"index, follow, max-snippet:-1, max-image-preview:large, max-video-preview:-1\" \/>\n<link rel=\"canonical\" href=\"https:\/\/www.cergomma.com\/es\/ceramica\/\" \/>\n<meta property=\"og:locale\" content=\"es_ES\" \/>\n<meta property=\"og:type\" content=\"article\" \/>\n<meta property=\"og:title\" content=\"Ceramica - Cergomma\" \/>\n<meta property=\"og:description\" content=\"[vc_row][vc_column][\/vc_column][\/vc_row][vc_row disable_element=\u00bbyes\u00bb row_content_width=\u00bbgrid\u00bb content_text_aligment=\u00bbcenter\u00bb css=\u00bb.vc_custom_1595599568922{margin-top: -125px !important;}\u00bb][vc_column][vc_row_inner disable_element=\u00bbyes\u00bb css=\u00bb.vc_custom_1595599490220{padding-bottom: 40px !important;background-color: #efefef !important;}\u00bb simple_background_color=\u00bb#efefef\u00bb][vc_column_inner width=\u00bb1\/2&#8243;][vc_column_text] GOMMA TRADIZIONALE DA FREEZER, CER01 E CER01 ULTRAMORBIDA: Viola 80 shore A Viola 85 shore A Verde 85 shore A Rossa 85 shore A &#8211; Per i tamponi isostatici: Rossa 90 shore A Blue 95 [&hellip;]\" \/>\n<meta property=\"og:url\" content=\"https:\/\/www.cergomma.com\/es\/ceramica\/\" \/>\n<meta property=\"og:site_name\" content=\"Cergomma\" \/>\n<meta property=\"article:modified_time\" content=\"2023-03-06T09:31:43+00:00\" \/>\n<meta name=\"twitter:card\" content=\"summary_large_image\" \/>\n<script type=\"application\/ld+json\" class=\"yoast-schema-graph\">{\"@context\":\"https:\/\/schema.org\",\"@graph\":[{\"@type\":\"WebSite\",\"@id\":\"https:\/\/www.cergomma.com\/es\/#website\",\"url\":\"https:\/\/www.cergomma.com\/es\/\",\"name\":\"Cergomma\",\"description\":\"Produzione di mescole poliuretaniche ad elevate prestazioni\",\"potentialAction\":[{\"@type\":\"SearchAction\",\"target\":\"https:\/\/www.cergomma.com\/es\/?s={search_term_string}\",\"query-input\":\"required name=search_term_string\"}],\"inLanguage\":\"es\"},{\"@type\":\"WebPage\",\"@id\":\"https:\/\/www.cergomma.com\/es\/ceramica\/#webpage\",\"url\":\"https:\/\/www.cergomma.com\/es\/ceramica\/\",\"name\":\"Ceramica - Cergomma\",\"isPartOf\":{\"@id\":\"https:\/\/www.cergomma.com\/es\/#website\"},\"datePublished\":\"2020-07-20T14:03:38+00:00\",\"dateModified\":\"2023-03-06T09:31:43+00:00\",\"inLanguage\":\"es\",\"potentialAction\":[{\"@type\":\"ReadAction\",\"target\":[\"https:\/\/www.cergomma.com\/es\/ceramica\/\"]}]}]}<\/script>\n<!-- \/ Yoast SEO plugin. -->","_links":{"self":[{"href":"https:\/\/www.cergomma.com\/es\/wp-json\/wp\/v2\/pages\/6614","targetHints":{"allow":["GET"]}}],"collection":[{"href":"https:\/\/www.cergomma.com\/es\/wp-json\/wp\/v2\/pages"}],"about":[{"href":"https:\/\/www.cergomma.com\/es\/wp-json\/wp\/v2\/types\/page"}],"author":[{"embeddable":true,"href":"https:\/\/www.cergomma.com\/es\/wp-json\/wp\/v2\/users\/2"}],"replies":[{"embeddable":true,"href":"https:\/\/www.cergomma.com\/es\/wp-json\/wp\/v2\/comments?post=6614"}],"version-history":[{"count":9,"href":"https:\/\/www.cergomma.com\/es\/wp-json\/wp\/v2\/pages\/6614\/revisions"}],"predecessor-version":[{"id":8658,"href":"https:\/\/www.cergomma.com\/es\/wp-json\/wp\/v2\/pages\/6614\/revisions\/8658"}],"wp:attachment":[{"href":"https:\/\/www.cergomma.com\/es\/wp-json\/wp\/v2\/media?parent=6614"}],"curies":[{"name":"wp","href":"https:\/\/api.w.org\/{rel}","templated":true}]}}