{"id":6583,"date":"2020-03-13T11:46:14","date_gmt":"2020-03-13T10:46:14","guid":{"rendered":"https:\/\/www.cergomma.com\/azienda\/"},"modified":"2026-03-12T10:01:40","modified_gmt":"2026-03-12T09:01:40","slug":"empresa","status":"publish","type":"page","link":"https:\/\/www.cergomma.com\/es\/empresa\/","title":{"rendered":"Empresa"},"content":{"rendered":"<p>[vc_row css=\u00bb.vc_custom_1603182529859{padding-top: 6.85% !important;padding-bottom: 6.85% !important;background-image: url(https:\/\/www.cergomma.com\/wp-content\/uploads\/2020\/07\/rainbow.jpg?id=6063) !important;background-position: center !important;background-repeat: no-repeat !important;background-size: cover !important;}\u00bb][vc_column width=\u00bb2\/3&#8243; offset=\u00bbvc_col-lg-5 vc_col-md-7&#8243; css=\u00bb.vc_custom_1527690082258{padding-top: 0px !important;padding-right: 17% !important;padding-bottom: 0px !important;padding-left: 17% !important;}\u00bb]<div class=\"qodef-elements-holder   qodef-one-column  qodef-responsive-mode-768   \" ><div class=\"qodef-eh-item     \" style=\"background-color: #77c9f0\" data-item-class=\"qodef-eh-custom-2960\" data-1366-1600=\"58px 30px 63px 30px\" data-1024-1366=\"58px 20px 63px\" data-768-1024=\"58px 20px 63px\" data-680-768=\"58px 25px 63px\" data-680=\"58px 20px 63px\">\n\t<div class=\"qodef-eh-item-inner\">\n\t\t<div class=\"qodef-eh-item-content qodef-eh-custom-2960\" style=\"padding: 58px 100px 63px 48px\">\n\t\t\t<div class=\"qodef-section-title-holder  qodef-st-standard qodef-st-title-left qodef-st-normal-space  \" style=\"padding: 0px\">\n\t<div class=\"qodef-st-inner\">\n        \t\t\t\t\t<h1 class=\"qodef-st-title\" >\n\t\t\t\tCergomma:<br \/>\t\t\t<\/h1>\n\t\t\t\t\t\t\t<span class=\"qodef-st-text\" >\n\t\t\t\tespecializada en la fabricaci\u00f3n de mezclas a base de poliuretano\t\t\t<\/span>\n\t\t\t<\/div>\n<\/div>\t\t<\/div>\n\t<\/div>\n<\/div><\/div>[\/vc_column][\/vc_row][vc_row row_content_width=\u00bbgrid\u00bb css=\u00bb.vc_custom_1527685834064{padding-top: 133px !important;padding-bottom: 134px !important;}\u00bb][vc_column offset=\u00bbvc_col-lg-offset-1 vc_col-lg-10 vc_col-md-offset-0 vc_col-md-12 vc_col-sm-offset-0&#8243;]<div class=\"qodef-section-title-holder  qodef-st-standard qodef-st-title-left qodef-st-normal-space  \" style=\"text-align: center\">\n\t<div class=\"qodef-st-inner\">\n        \t\t\t\t\t<h1 class=\"qodef-st-title\" >\n\t\t\t\tQui\u00e9nes somos\t\t\t<\/h1>\n\t\t\t\t\t<\/div>\n<\/div>[vc_column_text]<\/p>\n<p style=\"text-align: center; font-size: 18px; line-height: 30px;\">Nacida como empresa de servicios dentro de la industria cer\u00e1mica, Cergomma est\u00e1 especializada en la fabricaci\u00f3n de mezclas a base de poliuretano (poli\u00e9ster y poli\u00e9ter), caracterizadas por sus elevadas prestaciones mec\u00e1nicas. Somos productores de la mezcla a base de UREPAN\u00ae, un poli\u00e9ster \u201chist\u00f3rico\u201d originariamente de Bayer<br \/>\n<strong>Este producto es id\u00f3neo para todos los art\u00edculos en los que se requiera una alta resistencia a la abrasi\u00f3n, al desgarro, una elevada elasticidad, resistencia a los aceites, y resistencia y flexibilidad a las bajas temperaturas.<\/strong><\/p>\n<p style=\"text-align: center; font-size: 18px; line-height: 30px;\">Las mezclas se fabrican en mezcladores abiertos, o bien en Banbury: las m\u00e1quinas de que disponemos y nuestra organizaci\u00f3n empresarial nos permiten brindar un servicio flexible, y estar en condiciones de realizar tambi\u00e9n suministros de cantidades limitadas de producto.<\/p>\n<p>[\/vc_column_text][\/vc_column][\/vc_row][vc_row css=\u00bb.vc_custom_1595413599002{padding-top: 16% !important;padding-bottom: 14% !important;background-image: url(https:\/\/www.cergomma.com\/wp-content\/uploads\/2020\/07\/bg1-1.jpg?id=6151) !important;background-position: center !important;background-repeat: no-repeat !important;background-size: cover !important;}\u00bb][vc_column][\/vc_column][\/vc_row][vc_row row_content_width=\u00bbgrid\u00bb content_text_aligment=\u00bbcenter\u00bb css=\u00bb.vc_custom_1584112986985{margin-top: -125px !important;}\u00bb][vc_column]<div class=\"qodef-elements-holder   qodef-one-column  qodef-responsive-mode-768   \" ><div class=\"qodef-eh-item     \" style=\"background-color: #ffffff\" data-item-class=\"qodef-eh-custom-4736\" data-1024-1366=\"100px 225px\" data-768-1024=\"100px 80px\" data-680-768=\"100px 45px\" data-680=\"100px 10px\">\n\t<div class=\"qodef-eh-item-inner\">\n\t\t<div class=\"qodef-eh-item-content qodef-eh-custom-4736\" style=\"padding: 100px 245px\">\n\t\t\t<div class=\"qodef-section-title-holder  qodef-st-corners qodef-st-title-left qodef-st-normal-space  \" style=\"text-align: center\">\n\t<div class=\"qodef-st-inner\">\n                    <span class=\"qodef-corner-line line-1\"><\/span>\n            <span class=\"qodef-corner-line line-2\"><\/span>\n            <span class=\"qodef-corner-line line-3\"><\/span>\n            <span class=\"qodef-corner-line line-4\"><\/span>\n        \t\t\t\t\t<h2 class=\"qodef-st-title\" >\n\t\t\t\tNUESTRA PRODUCCI\u00d3N\t\t\t<\/h2>\n\t\t\t\t\t\t\t<span class=\"qodef-st-text\" >\n\t\t\t\tLas mezclas se fabrican en mezcladores abiertos, o bien en Banbury: las m\u00e1quinas de que disponemos y nuestra organizaci\u00f3n empresarial nos permiten brindar un servicio flexible, y estar en condiciones de realizar tambi\u00e9n suministros de cantidades limitadas.\t\t\t<\/span>\n\t\t\t<\/div>\n<\/div><a itemprop=\"url\" href=\"https:\/\/www.cergomma.com\/es\/portfolio-item\/mezclas\/\" target=\"_self\" style=\"color: #ffffff;background-color: #77c9f0\" class=\"qodef-btn qodef-btn-medium qodef-btn-solid\"  >\n\t        <span class=\"qodef-btn-text\">SABER M\u00c1S<\/span>\n            <\/a>\t\t<\/div>\n\t<\/div>\n<\/div><\/div>[\/vc_column][\/vc_row][vc_row css=\u00bb.vc_custom_1584113745965{padding-top: 133px !important;padding-bottom: 134px !important;background-color: #77c9f0 !important;}\u00bb][vc_column offset=\u00bbvc_col-lg-offset-1 vc_col-lg-10 vc_col-md-offset-0 vc_col-md-12 vc_col-sm-offset-0&#8243;]<div class=\"qodef-section-title-holder  qodef-st-standard qodef-st-title-left qodef-st-normal-space  \" style=\"text-align: center\">\n\t<div class=\"qodef-st-inner\">\n        \t\t\t\t\t<h1 class=\"qodef-st-title\" style=\"color: #ffffff\">\n\t\t\t\tPartners\t\t\t<\/h1>\n\t\t\t\t\t<\/div>\n<\/div>[vc_row_inner row_content_width=\u00bbgrid\u00bb][vc_column_inner width=\u00bb1\/4&#8243;][\/vc_column_inner][vc_column_inner width=\u00bb1\/4&#8243;][vc_single_image image=\u00bb6586&#8243; img_size=\u00bbmedium\u00bb alignment=\u00bbcenter\u00bb onclick=\u00bbcustom_link\u00bb img_link_target=\u00bb_blank\u00bb link=\u00bbhttp:\/\/www.annovi.it\/\u00bb][\/vc_column_inner][vc_column_inner width=\u00bb1\/4&#8243;][vc_single_image image=\u00bb6585&#8243; img_size=\u00bbmedium\u00bb alignment=\u00bbcenter\u00bb onclick=\u00bbcustom_link\u00bb img_link_target=\u00bb_blank\u00bb link=\u00bbhttp:\/\/labo-cer.com\/it\/index.html\u00bb][\/vc_column_inner][vc_column_inner width=\u00bb1\/4&#8243;][\/vc_column_inner][\/vc_row_inner][\/vc_column][\/vc_row]<\/p>\n","protected":false},"excerpt":{"rendered":"<p>[vc_row css=\u00bb.vc_custom_1603182529859{padding-top: 6.85% !important;padding-bottom: 6.85% !important;background-image: url(https:\/\/www.cergomma.com\/wp-content\/uploads\/2020\/07\/rainbow.jpg?id=6063) !important;background-position: center !important;background-repeat: no-repeat !important;background-size: cover !important;}\u00bb][vc_column width=\u00bb2\/3&#8243; offset=\u00bbvc_col-lg-5 vc_col-md-7&#8243; css=\u00bb.vc_custom_1527690082258{padding-top: 0px !important;padding-right: 17% !important;padding-bottom: 0px !important;padding-left: 17% !important;}\u00bb][\/vc_column][\/vc_row][vc_row row_content_width=\u00bbgrid\u00bb css=\u00bb.vc_custom_1527685834064{padding-top: 133px !important;padding-bottom: 134px !important;}\u00bb][vc_column offset=\u00bbvc_col-lg-offset-1 vc_col-lg-10 vc_col-md-offset-0 vc_col-md-12 vc_col-sm-offset-0&#8243;][vc_column_text] Nacida como empresa de servicios dentro de la industria cer\u00e1mica, Cergomma est\u00e1 especializada [&hellip;]<\/p>\n","protected":false},"author":2,"featured_media":0,"parent":0,"menu_order":0,"comment_status":"closed","ping_status":"closed","template":"full-width.php","meta":{"footnotes":""},"class_list":["post-6583","page","type-page","status-publish","hentry"],"yoast_head":"<!-- This site is optimized with the Yoast SEO plugin v14.3 - https:\/\/yoast.com\/wordpress\/plugins\/seo\/ -->\n<title>Empresa - Cergomma<\/title>\n<meta name=\"robots\" content=\"index, follow\" \/>\n<meta name=\"googlebot\" content=\"index, follow, max-snippet:-1, max-image-preview:large, max-video-preview:-1\" \/>\n<meta name=\"bingbot\" content=\"index, follow, max-snippet:-1, max-image-preview:large, max-video-preview:-1\" \/>\n<link rel=\"canonical\" href=\"https:\/\/www.cergomma.com\/es\/empresa\/\" \/>\n<meta property=\"og:locale\" content=\"es_ES\" \/>\n<meta property=\"og:type\" content=\"article\" \/>\n<meta property=\"og:title\" content=\"Empresa - Cergomma\" \/>\n<meta property=\"og:description\" content=\"[vc_row css=\u00bb.vc_custom_1603182529859{padding-top: 6.85% !important;padding-bottom: 6.85% !important;background-image: url(https:\/\/www.cergomma.com\/wp-content\/uploads\/2020\/07\/rainbow.jpg?id=6063) !important;background-position: center !important;background-repeat: no-repeat !important;background-size: cover !important;}\u00bb][vc_column width=\u00bb2\/3&#8243; offset=\u00bbvc_col-lg-5 vc_col-md-7&#8243; css=\u00bb.vc_custom_1527690082258{padding-top: 0px !important;padding-right: 17% !important;padding-bottom: 0px !important;padding-left: 17% !important;}\u00bb][\/vc_column][\/vc_row][vc_row row_content_width=\u00bbgrid\u00bb css=\u00bb.vc_custom_1527685834064{padding-top: 133px !important;padding-bottom: 134px !important;}\u00bb][vc_column offset=\u00bbvc_col-lg-offset-1 vc_col-lg-10 vc_col-md-offset-0 vc_col-md-12 vc_col-sm-offset-0&#8243;][vc_column_text] Nacida como empresa de servicios dentro de la industria cer\u00e1mica, Cergomma est\u00e1 especializada [&hellip;]\" \/>\n<meta property=\"og:url\" content=\"https:\/\/www.cergomma.com\/es\/empresa\/\" \/>\n<meta property=\"og:site_name\" content=\"Cergomma\" \/>\n<meta property=\"article:modified_time\" content=\"2026-03-12T09:01:40+00:00\" \/>\n<meta name=\"twitter:card\" content=\"summary_large_image\" \/>\n<script type=\"application\/ld+json\" class=\"yoast-schema-graph\">{\"@context\":\"https:\/\/schema.org\",\"@graph\":[{\"@type\":\"WebSite\",\"@id\":\"https:\/\/www.cergomma.com\/es\/#website\",\"url\":\"https:\/\/www.cergomma.com\/es\/\",\"name\":\"Cergomma\",\"description\":\"Produzione di mescole poliuretaniche ad elevate prestazioni\",\"potentialAction\":[{\"@type\":\"SearchAction\",\"target\":\"https:\/\/www.cergomma.com\/es\/?s={search_term_string}\",\"query-input\":\"required name=search_term_string\"}],\"inLanguage\":\"es\"},{\"@type\":\"WebPage\",\"@id\":\"https:\/\/www.cergomma.com\/es\/empresa\/#webpage\",\"url\":\"https:\/\/www.cergomma.com\/es\/empresa\/\",\"name\":\"Empresa - Cergomma\",\"isPartOf\":{\"@id\":\"https:\/\/www.cergomma.com\/es\/#website\"},\"datePublished\":\"2020-03-13T10:46:14+00:00\",\"dateModified\":\"2026-03-12T09:01:40+00:00\",\"inLanguage\":\"es\",\"potentialAction\":[{\"@type\":\"ReadAction\",\"target\":[\"https:\/\/www.cergomma.com\/es\/empresa\/\"]}]}]}<\/script>\n<!-- \/ Yoast SEO plugin. -->","_links":{"self":[{"href":"https:\/\/www.cergomma.com\/es\/wp-json\/wp\/v2\/pages\/6583","targetHints":{"allow":["GET"]}}],"collection":[{"href":"https:\/\/www.cergomma.com\/es\/wp-json\/wp\/v2\/pages"}],"about":[{"href":"https:\/\/www.cergomma.com\/es\/wp-json\/wp\/v2\/types\/page"}],"author":[{"embeddable":true,"href":"https:\/\/www.cergomma.com\/es\/wp-json\/wp\/v2\/users\/2"}],"replies":[{"embeddable":true,"href":"https:\/\/www.cergomma.com\/es\/wp-json\/wp\/v2\/comments?post=6583"}],"version-history":[{"count":15,"href":"https:\/\/www.cergomma.com\/es\/wp-json\/wp\/v2\/pages\/6583\/revisions"}],"predecessor-version":[{"id":8760,"href":"https:\/\/www.cergomma.com\/es\/wp-json\/wp\/v2\/pages\/6583\/revisions\/8760"}],"wp:attachment":[{"href":"https:\/\/www.cergomma.com\/es\/wp-json\/wp\/v2\/media?parent=6583"}],"curies":[{"name":"wp","href":"https:\/\/api.w.org\/{rel}","templated":true}]}}